{"id":183,"date":"2025-02-02T18:47:07","date_gmt":"2025-02-02T16:47:07","guid":{"rendered":"https:\/\/www2.kaismo.fi\/kaismo\/?page_id=183"},"modified":"2025-04-08T22:34:40","modified_gmt":"2025-04-08T19:34:40","slug":"kuka-olen","status":"publish","type":"page","link":"https:\/\/www2.kaismo.fi\/kaismo\/kuka-olen\/","title":{"rendered":"Tomin esittely"},"content":{"rendered":"\t\t<div data-elementor-type=\"wp-page\" data-elementor-id=\"183\" class=\"elementor elementor-183\" data-elementor-post-type=\"page\">\n\t\t\t\t<div class=\"elementor-element elementor-element-6c5f7b81 e-flex e-con-boxed e-con e-parent\" data-id=\"6c5f7b81\" data-element_type=\"container\" data-settings=\"{&quot;background_background&quot;:&quot;classic&quot;}\">\n\t\t\t\t\t<div class=\"e-con-inner\">\n\t\t\t\t\t<\/div>\n\t\t\t\t<\/div>\n\t\t<div class=\"elementor-element elementor-element-de3d791 e-flex e-con-boxed e-con e-parent\" data-id=\"de3d791\" data-element_type=\"container\">\n\t\t\t\t\t<div class=\"e-con-inner\">\n\t\t\t\t<div class=\"elementor-element elementor-element-019b46f elementor-widget-divider--view-line elementor-widget elementor-widget-divider\" data-id=\"019b46f\" data-element_type=\"widget\" data-widget_type=\"divider.default\">\n\t\t\t\t<div class=\"elementor-widget-container\">\n\t\t\t\t\t\t\t<div class=\"elementor-divider\">\n\t\t\t<span class=\"elementor-divider-separator\">\n\t\t\t\t\t\t<\/span>\n\t\t<\/div>\n\t\t\t\t\t\t<\/div>\n\t\t\t\t<\/div>\n\t\t\t\t\t<\/div>\n\t\t\t\t<\/div>\n\t\t<div class=\"elementor-element elementor-element-550de53c e-grid e-con-boxed e-con e-parent\" data-id=\"550de53c\" data-element_type=\"container\">\n\t\t\t\t\t<div class=\"e-con-inner\">\n\t\t\t\t<div class=\"elementor-element elementor-element-397c8597 elementor-widget elementor-widget-heading\" data-id=\"397c8597\" data-element_type=\"widget\" data-widget_type=\"heading.default\">\n\t\t\t\t<div class=\"elementor-widget-container\">\n\t\t\t\t\t<h4 class=\"elementor-heading-title elementor-size-default\">TOMI KAISMO<\/h4>\t\t\t\t<\/div>\n\t\t\t\t<\/div>\n\t\t\t\t<div class=\"elementor-element elementor-element-78e6dbf elementor-widget elementor-widget-text-editor\" data-id=\"78e6dbf\" data-element_type=\"widget\" data-widget_type=\"text-editor.default\">\n\t\t\t\t<div class=\"elementor-widget-container\">\n\t\t\t\t\t\t\t\t\t<ul><li><strong>Ty\u00f6:<\/strong><ul><li>Yritt\u00e4j\u00e4, OTC-sijoitus Oy<\/li><li>AC Oulun hallituksen puheenjohtaja<\/li><li>AC Oulu Basket hallituksen puheenjohtaja<\/li><li>AC Oulu Volley hallituksen puheenjohtaja<\/li><\/ul><\/li><li><strong style=\"font-size: 16px;\">Luottamusteht\u00e4v\u00e4t:<\/strong><ul><li>Oulun kaupunginvaltuuston j\u00e4sen vuodesta 2012<\/li><li>Pohjois-Pohjanmaan Kokoomuksen puheenjohtaja vuodesta 2009<\/li><li>Kokoomuksen puoluehallituksen j\u00e4sen vuodesta 2009<\/li><\/ul><\/li><li><strong>Perhe<\/strong>: Vaimo, kaksi lasta ja Rekku-koira<\/li><li><strong>Harrastukset:<\/strong>\u00a0Urheilun seuraaminen sek\u00e4 harrastaminen<\/li><\/ul>\t\t\t\t\t\t\t\t<\/div>\n\t\t\t\t<\/div>\n\t\t\t\t\t<\/div>\n\t\t\t\t<\/div>\n\t\t<div class=\"elementor-element elementor-element-f9704ef e-flex e-con-boxed e-con e-parent\" data-id=\"f9704ef\" data-element_type=\"container\">\n\t\t\t\t\t<div class=\"e-con-inner\">\n\t\t\t\t<div class=\"elementor-element elementor-element-220b5d1 elementor-widget-divider--view-line elementor-widget elementor-widget-divider\" data-id=\"220b5d1\" data-element_type=\"widget\" data-widget_type=\"divider.default\">\n\t\t\t\t<div class=\"elementor-widget-container\">\n\t\t\t\t\t\t\t<div class=\"elementor-divider\">\n\t\t\t<span class=\"elementor-divider-separator\">\n\t\t\t\t\t\t<\/span>\n\t\t<\/div>\n\t\t\t\t\t\t<\/div>\n\t\t\t\t<\/div>\n\t\t\t\t\t<\/div>\n\t\t\t\t<\/div>\n\t\t<div class=\"elementor-element elementor-element-626a595 e-grid e-con-boxed e-con e-parent\" data-id=\"626a595\" data-element_type=\"container\">\n\t\t\t\t\t<div class=\"e-con-inner\">\n\t\t\t\t<div class=\"elementor-element elementor-element-8e1affa elementor-widget elementor-widget-text-editor\" data-id=\"8e1affa\" data-element_type=\"widget\" data-widget_type=\"text-editor.default\">\n\t\t\t\t<div class=\"elementor-widget-container\">\n\t\t\t\t\t\t\t\t\t<h1>KUKA OLEN?<\/h1>\n<div>&nbsp;<\/div>\n<p class=\"p1\">Olen 49-vuotias oululainen perheenis\u00e4 ja yritt\u00e4j\u00e4.<\/p>\n<p class=\"p1\">Olen ollut Oulun kaupunginvaltuuston j\u00e4sen vuodesta 2012 l\u00e4htien. Politiikasta minulla on kokemusta 1990-luvulta alkaen. Toimin vuosina 2003-2008 Oulun Kokoomuksen puheenjohtajana, jonka j\u00e4lkeen tulin valituksi Pohjois-Pohjanmaan Kokoomuksen puheenjohtajaksi. Kokoomuksen puoluehallituksen j\u00e4sen olen ollut vuodesta 2009 l\u00e4htien.&nbsp;<\/p>\n<p class=\"p1\">Oulun asioiden eteenp\u00e4in vieminen edellytt\u00e4\u00e4 hyvi\u00e4 suhteita my\u00f6s Oulun ulkopuolella. Kokoomuksen puoluehallituksen pitk\u00e4aikaisimpana j\u00e4senen\u00e4 omaan eritt\u00e4in hyv\u00e4t verkostot my\u00f6s valtakunnan p\u00e4\u00e4tt\u00e4jiin.<\/p>\n<p>Yli 25 vuoden yritt\u00e4j\u00e4n urani aikana olen toiminut useilla eri aloilla mm. sijoitus- ja mainosalalla sek\u00e4 v\u00e4hitt\u00e4iskaupassa ja tukkukaupassa. Tunnen eritt\u00e4in hyvin yritt\u00e4j\u00e4n arjen ja ne haasteet, joita yritt\u00e4j\u00e4t kohtaavat.<\/p>\n<p>Vapaa-aikani kuluu perheeni ja liikuntaharrastusten parissa. Lenkkeily\u00e4 olen harrastanut kauan, mutta viime vuosina spinning on noussut sen ohi suosikkilajiksi. Liikunnan parissa syntyv\u00e4tkin usein parhaat ideat ja ajatukset niin ty\u00f6h\u00f6n kuin politiikkaan.&nbsp;<\/p>\n<p>Olen ollut aina innokas urheilun seuraaja. Oululainen urheilu ja erityisesti AC Oulu ovat l\u00e4hell\u00e4 syd\u00e4nt\u00e4ni.&nbsp;<\/p>\t\t\t\t\t\t\t\t<\/div>\n\t\t\t\t<\/div>\n\t\t\t\t<div class=\"elementor-element elementor-element-549ca33 elementor-widget elementor-widget-image\" data-id=\"549ca33\" data-element_type=\"widget\" data-widget_type=\"image.default\">\n\t\t\t\t<div class=\"elementor-widget-container\">\n\t\t\t\t\t\t\t\t\t\t\t\t\t\t\t<img fetchpriority=\"high\" decoding=\"async\" width=\"1024\" height=\"683\" src=\"https:\/\/www2.kaismo.fi\/wp-content\/uploads\/2025\/02\/Frida-30-1024x683.jpg\" class=\"attachment-large size-large wp-image-185\" alt=\"\" srcset=\"https:\/\/www2.kaismo.fi\/wp-content\/uploads\/2025\/02\/Frida-30-1024x683.jpg 1024w, https:\/\/www2.kaismo.fi\/wp-content\/uploads\/2025\/02\/Frida-30-300x200.jpg 300w, https:\/\/www2.kaismo.fi\/wp-content\/uploads\/2025\/02\/Frida-30-768x512.jpg 768w, https:\/\/www2.kaismo.fi\/wp-content\/uploads\/2025\/02\/Frida-30-1536x1024.jpg 1536w, https:\/\/www2.kaismo.fi\/wp-content\/uploads\/2025\/02\/Frida-30-2048x1365.jpg 2048w\" sizes=\"(max-width: 1024px) 100vw, 1024px\" \/>\t\t\t\t\t\t\t\t\t\t\t\t\t\t\t<\/div>\n\t\t\t\t<\/div>\n\t\t\t\t\t<\/div>\n\t\t\t\t<\/div>\n\t\t<div class=\"elementor-element elementor-element-6d36b1e1 e-flex e-con-boxed e-con e-parent\" data-id=\"6d36b1e1\" data-element_type=\"container\">\n\t\t\t\t\t<div class=\"e-con-inner\">\n\t\t\t\t<div class=\"elementor-element elementor-element-aa93ac8 elementor-widget-divider--view-line elementor-widget elementor-widget-divider\" data-id=\"aa93ac8\" data-element_type=\"widget\" data-widget_type=\"divider.default\">\n\t\t\t\t<div class=\"elementor-widget-container\">\n\t\t\t\t\t\t\t<div class=\"elementor-divider\">\n\t\t\t<span class=\"elementor-divider-separator\">\n\t\t\t\t\t\t<\/span>\n\t\t<\/div>\n\t\t\t\t\t\t<\/div>\n\t\t\t\t<\/div>\n\t\t\t\t\t<\/div>\n\t\t\t\t<\/div>\n\t\t<div class=\"elementor-element elementor-element-4b89d393 e-grid e-con-boxed e-con e-parent\" data-id=\"4b89d393\" data-element_type=\"container\">\n\t\t\t\t\t<div class=\"e-con-inner\">\n\t\t\t\t<div class=\"elementor-element elementor-element-5ee003cf elementor-widget elementor-widget-heading\" data-id=\"5ee003cf\" data-element_type=\"widget\" data-widget_type=\"heading.default\">\n\t\t\t\t<div class=\"elementor-widget-container\">\n\t\t\t\t\t<h2 class=\"elementor-heading-title elementor-size-default\">SEURAA SOMESSA<\/h2>\t\t\t\t<\/div>\n\t\t\t\t<\/div>\n\t\t\t\t<div class=\"elementor-element elementor-element-3b178164 elementor-shape-rounded elementor-grid-0 e-grid-align-center elementor-widget elementor-widget-social-icons\" data-id=\"3b178164\" data-element_type=\"widget\" data-widget_type=\"social-icons.default\">\n\t\t\t\t<div class=\"elementor-widget-container\">\n\t\t\t\t\t\t\t<div class=\"elementor-social-icons-wrapper elementor-grid\">\n\t\t\t\t\t\t\t<span class=\"elementor-grid-item\">\n\t\t\t\t\t<a class=\"elementor-icon elementor-social-icon elementor-social-icon-facebook elementor-repeater-item-6a2bb1b\" href=\"https:\/\/www.facebook.com\/profile.php?id=100063796211084\" target=\"_blank\">\n\t\t\t\t\t\t<span class=\"elementor-screen-only\">Facebook<\/span>\n\t\t\t\t\t\t<svg class=\"e-font-icon-svg e-fab-facebook\" viewBox=\"0 0 512 512\" xmlns=\"http:\/\/www.w3.org\/2000\/svg\"><path d=\"M504 256C504 119 393 8 256 8S8 119 8 256c0 123.78 90.69 226.38 209.25 245V327.69h-63V256h63v-54.64c0-62.15 37-96.48 93.67-96.48 27.14 0 55.52 4.84 55.52 4.84v61h-31.28c-30.8 0-40.41 19.12-40.41 38.73V256h68.78l-11 71.69h-57.78V501C413.31 482.38 504 379.78 504 256z\"><\/path><\/svg>\t\t\t\t\t<\/a>\n\t\t\t\t<\/span>\n\t\t\t\t\t\t\t<span class=\"elementor-grid-item\">\n\t\t\t\t\t<a class=\"elementor-icon elementor-social-icon elementor-social-icon-x-twitter elementor-repeater-item-c5539f7\" href=\"https:\/\/x.com\/TKaismo\" target=\"_blank\">\n\t\t\t\t\t\t<span class=\"elementor-screen-only\">X-twitter<\/span>\n\t\t\t\t\t\t<svg class=\"e-font-icon-svg e-fab-x-twitter\" viewBox=\"0 0 512 512\" xmlns=\"http:\/\/www.w3.org\/2000\/svg\"><path d=\"M389.2 48h70.6L305.6 224.2 487 464H345L233.7 318.6 106.5 464H35.8L200.7 275.5 26.8 48H172.4L272.9 180.9 389.2 48zM364.4 421.8h39.1L151.1 88h-42L364.4 421.8z\"><\/path><\/svg>\t\t\t\t\t<\/a>\n\t\t\t\t<\/span>\n\t\t\t\t\t\t\t<span class=\"elementor-grid-item\">\n\t\t\t\t\t<a class=\"elementor-icon elementor-social-icon elementor-social-icon-instagram elementor-repeater-item-1800640\" href=\"https:\/\/www.instagram.com\/tomi_kaismo\" target=\"_blank\">\n\t\t\t\t\t\t<span class=\"elementor-screen-only\">Instagram<\/span>\n\t\t\t\t\t\t<svg class=\"e-font-icon-svg e-fab-instagram\" viewBox=\"0 0 448 512\" xmlns=\"http:\/\/www.w3.org\/2000\/svg\"><path d=\"M224.1 141c-63.6 0-114.9 51.3-114.9 114.9s51.3 114.9 114.9 114.9S339 319.5 339 255.9 287.7 141 224.1 141zm0 189.6c-41.1 0-74.7-33.5-74.7-74.7s33.5-74.7 74.7-74.7 74.7 33.5 74.7 74.7-33.6 74.7-74.7 74.7zm146.4-194.3c0 14.9-12 26.8-26.8 26.8-14.9 0-26.8-12-26.8-26.8s12-26.8 26.8-26.8 26.8 12 26.8 26.8zm76.1 27.2c-1.7-35.9-9.9-67.7-36.2-93.9-26.2-26.2-58-34.4-93.9-36.2-37-2.1-147.9-2.1-184.9 0-35.8 1.7-67.6 9.9-93.9 36.1s-34.4 58-36.2 93.9c-2.1 37-2.1 147.9 0 184.9 1.7 35.9 9.9 67.7 36.2 93.9s58 34.4 93.9 36.2c37 2.1 147.9 2.1 184.9 0 35.9-1.7 67.7-9.9 93.9-36.2 26.2-26.2 34.4-58 36.2-93.9 2.1-37 2.1-147.8 0-184.8zM398.8 388c-7.8 19.6-22.9 34.7-42.6 42.6-29.5 11.7-99.5 9-132.1 9s-102.7 2.6-132.1-9c-19.6-7.8-34.7-22.9-42.6-42.6-11.7-29.5-9-99.5-9-132.1s-2.6-102.7 9-132.1c7.8-19.6 22.9-34.7 42.6-42.6 29.5-11.7 99.5-9 132.1-9s102.7-2.6 132.1 9c19.6 7.8 34.7 22.9 42.6 42.6 11.7 29.5 9 99.5 9 132.1s2.7 102.7-9 132.1z\"><\/path><\/svg>\t\t\t\t\t<\/a>\n\t\t\t\t<\/span>\n\t\t\t\t\t\t\t<span class=\"elementor-grid-item\">\n\t\t\t\t\t<a class=\"elementor-icon elementor-social-icon elementor-social-icon-linkedin elementor-repeater-item-34fa935\" href=\"https:\/\/www.linkedin.com\/in\/tomi-kaismo-900078181\/?originalSubdomain=fi\" target=\"_blank\">\n\t\t\t\t\t\t<span class=\"elementor-screen-only\">Linkedin<\/span>\n\t\t\t\t\t\t<svg class=\"e-font-icon-svg e-fab-linkedin\" viewBox=\"0 0 448 512\" xmlns=\"http:\/\/www.w3.org\/2000\/svg\"><path d=\"M416 32H31.9C14.3 32 0 46.5 0 64.3v383.4C0 465.5 14.3 480 31.9 480H416c17.6 0 32-14.5 32-32.3V64.3c0-17.8-14.4-32.3-32-32.3zM135.4 416H69V202.2h66.5V416zm-33.2-243c-21.3 0-38.5-17.3-38.5-38.5S80.9 96 102.2 96c21.2 0 38.5 17.3 38.5 38.5 0 21.3-17.2 38.5-38.5 38.5zm282.1 243h-66.4V312c0-24.8-.5-56.7-34.5-56.7-34.6 0-39.9 27-39.9 54.9V416h-66.4V202.2h63.7v29.2h.9c8.9-16.8 30.6-34.5 62.9-34.5 67.2 0 79.7 44.3 79.7 101.9V416z\"><\/path><\/svg>\t\t\t\t\t<\/a>\n\t\t\t\t<\/span>\n\t\t\t\t\t<\/div>\n\t\t\t\t\t\t<\/div>\n\t\t\t\t<\/div>\n\t\t\t\t\t<\/div>\n\t\t\t\t<\/div>\n\t\t<div class=\"elementor-element elementor-element-3101379 e-flex e-con-boxed e-con e-parent\" data-id=\"3101379\" data-element_type=\"container\">\n\t\t\t\t\t<div class=\"e-con-inner\">\n\t\t\t\t<div class=\"elementor-element elementor-element-61c6b2c elementor-widget-divider--view-line elementor-widget elementor-widget-divider\" data-id=\"61c6b2c\" data-element_type=\"widget\" data-widget_type=\"divider.default\">\n\t\t\t\t<div class=\"elementor-widget-container\">\n\t\t\t\t\t\t\t<div class=\"elementor-divider\">\n\t\t\t<span class=\"elementor-divider-separator\">\n\t\t\t\t\t\t<\/span>\n\t\t<\/div>\n\t\t\t\t\t\t<\/div>\n\t\t\t\t<\/div>\n\t\t\t\t\t<\/div>\n\t\t\t\t<\/div>\n\t\t\t\t<\/div>\n\t\t","protected":false},"excerpt":{"rendered":"<p>TOMI KAISMO Ty\u00f6: Yritt\u00e4j\u00e4, OTC-sijoitus Oy AC Oulun hallituksen puheenjohtaja AC Oulu Basket hallituksen puheenjohtaja AC Oulu Volley hallituksen puheenjohtaja [&hellip;]<\/p>\n","protected":false},"author":1,"featured_media":0,"parent":0,"menu_order":0,"comment_status":"closed","ping_status":"closed","template":"elementor_header_footer","meta":{"site-sidebar-layout":"no-sidebar","site-content-layout":"","ast-site-content-layout":"full-width-container","site-content-style":"default","site-sidebar-style":"default","ast-global-header-display":"","ast-banner-title-visibility":"","ast-main-header-display":"","ast-hfb-above-header-display":"","ast-hfb-below-header-display":"","ast-hfb-mobile-header-display":"","site-post-title":"disabled","ast-breadcrumbs-content":"","ast-featured-img":"disabled","footer-sml-layout":"","theme-transparent-header-meta":"","adv-header-id-meta":"","stick-header-meta":"","header-above-stick-meta":"","header-main-stick-meta":"","header-below-stick-meta":"","astra-migrate-meta-layouts":"default","ast-page-background-enabled":"default","ast-page-background-meta":{"desktop":{"background-color":"var(--ast-global-color-5)","background-image":"","background-repeat":"repeat","background-position":"center center","background-size":"auto","background-attachment":"scroll","background-type":"","background-media":"","overlay-type":"","overlay-color":"","overlay-opacity":"","overlay-gradient":""},"tablet":{"background-color":"","background-image":"","background-repeat":"repeat","background-position":"center center","background-size":"auto","background-attachment":"scroll","background-type":"","background-media":"","overlay-type":"","overlay-color":"","overlay-opacity":"","overlay-gradient":""},"mobile":{"background-color":"","background-image":"","background-repeat":"repeat","background-position":"center center","background-size":"auto","background-attachment":"scroll","background-type":"","background-media":"","overlay-type":"","overlay-color":"","overlay-opacity":"","overlay-gradient":""}},"ast-content-background-meta":{"desktop":{"background-color":"var(--ast-global-color-4)","background-image":"","background-repeat":"repeat","background-position":"center center","background-size":"auto","background-attachment":"scroll","background-type":"","background-media":"","overlay-type":"","overlay-color":"","overlay-opacity":"","overlay-gradient":""},"tablet":{"background-color":"var(--ast-global-color-4)","background-image":"","background-repeat":"repeat","background-position":"center center","background-size":"auto","background-attachment":"scroll","background-type":"","background-media":"","overlay-type":"","overlay-color":"","overlay-opacity":"","overlay-gradient":""},"mobile":{"background-color":"var(--ast-global-color-4)","background-image":"","background-repeat":"repeat","background-position":"center center","background-size":"auto","background-attachment":"scroll","background-type":"","background-media":"","overlay-type":"","overlay-color":"","overlay-opacity":"","overlay-gradient":""}},"footnotes":""},"class_list":["post-183","page","type-page","status-publish","hentry"],"yoast_head":"<!-- This site is optimized with the Yoast SEO plugin v24.4 - https:\/\/yoast.com\/wordpress\/plugins\/seo\/ -->\n<title>Tomin esittely -<\/title>\n<meta name=\"robots\" content=\"index, follow, max-snippet:-1, max-image-preview:large, max-video-preview:-1\" \/>\n<link rel=\"canonical\" href=\"https:\/\/www2.kaismo.fi\/kaismo\/kuka-olen\/\" \/>\n<meta property=\"og:locale\" content=\"fi_FI\" \/>\n<meta property=\"og:type\" content=\"article\" \/>\n<meta property=\"og:title\" content=\"Tomin esittely -\" \/>\n<meta property=\"og:description\" content=\"TOMI KAISMO Ty\u00f6: Yritt\u00e4j\u00e4, OTC-sijoitus Oy AC Oulun hallituksen puheenjohtaja AC Oulu Basket hallituksen puheenjohtaja AC Oulu Volley hallituksen puheenjohtaja [&hellip;]\" \/>\n<meta property=\"og:url\" content=\"https:\/\/www2.kaismo.fi\/kaismo\/kuka-olen\/\" \/>\n<meta property=\"article:modified_time\" content=\"2025-04-08T19:34:40+00:00\" \/>\n<meta property=\"og:image\" content=\"https:\/\/www2.kaismo.fi\/wp-content\/uploads\/2025\/02\/Frida-30-scaled.jpg\" \/>\n\t<meta property=\"og:image:width\" content=\"2560\" \/>\n\t<meta property=\"og:image:height\" content=\"1707\" \/>\n\t<meta property=\"og:image:type\" content=\"image\/jpeg\" \/>\n<meta name=\"twitter:card\" content=\"summary_large_image\" \/>\n<meta name=\"twitter:label1\" content=\"Arvioitu lukuaika\" \/>\n\t<meta name=\"twitter:data1\" content=\"1 minuutti\" \/>\n<script type=\"application\/ld+json\" class=\"yoast-schema-graph\">{\"@context\":\"https:\/\/schema.org\",\"@graph\":[{\"@type\":\"WebPage\",\"@id\":\"https:\/\/www2.kaismo.fi\/kaismo\/kuka-olen\/\",\"url\":\"https:\/\/www2.kaismo.fi\/kaismo\/kuka-olen\/\",\"name\":\"Tomin esittely -\",\"isPartOf\":{\"@id\":\"https:\/\/www2.kaismo.fi\/kaismo\/#website\"},\"primaryImageOfPage\":{\"@id\":\"https:\/\/www2.kaismo.fi\/kaismo\/kuka-olen\/#primaryimage\"},\"image\":{\"@id\":\"https:\/\/www2.kaismo.fi\/kaismo\/kuka-olen\/#primaryimage\"},\"thumbnailUrl\":\"https:\/\/www2.kaismo.fi\/wp-content\/uploads\/2025\/02\/Frida-30-1024x683.jpg\",\"datePublished\":\"2025-02-02T16:47:07+00:00\",\"dateModified\":\"2025-04-08T19:34:40+00:00\",\"breadcrumb\":{\"@id\":\"https:\/\/www2.kaismo.fi\/kaismo\/kuka-olen\/#breadcrumb\"},\"inLanguage\":\"fi\",\"potentialAction\":[{\"@type\":\"ReadAction\",\"target\":[\"https:\/\/www2.kaismo.fi\/kaismo\/kuka-olen\/\"]}]},{\"@type\":\"ImageObject\",\"inLanguage\":\"fi\",\"@id\":\"https:\/\/www2.kaismo.fi\/kaismo\/kuka-olen\/#primaryimage\",\"url\":\"https:\/\/www2.kaismo.fi\/wp-content\/uploads\/2025\/02\/Frida-30-1024x683.jpg\",\"contentUrl\":\"https:\/\/www2.kaismo.fi\/wp-content\/uploads\/2025\/02\/Frida-30-1024x683.jpg\"},{\"@type\":\"BreadcrumbList\",\"@id\":\"https:\/\/www2.kaismo.fi\/kaismo\/kuka-olen\/#breadcrumb\",\"itemListElement\":[{\"@type\":\"ListItem\",\"position\":1,\"name\":\"Etusivu\",\"item\":\"https:\/\/www2.kaismo.fi\/kaismo\/\"},{\"@type\":\"ListItem\",\"position\":2,\"name\":\"Tomin esittely\"}]},{\"@type\":\"WebSite\",\"@id\":\"https:\/\/www2.kaismo.fi\/kaismo\/#website\",\"url\":\"https:\/\/www2.kaismo.fi\/kaismo\/\",\"name\":\"Kaismo\",\"description\":\"\",\"publisher\":{\"@id\":\"https:\/\/www2.kaismo.fi\/kaismo\/#\/schema\/person\/dd94c7997f2e4c4d157ebdfd5a727f74\"},\"potentialAction\":[{\"@type\":\"SearchAction\",\"target\":{\"@type\":\"EntryPoint\",\"urlTemplate\":\"https:\/\/www2.kaismo.fi\/kaismo\/?s={search_term_string}\"},\"query-input\":{\"@type\":\"PropertyValueSpecification\",\"valueRequired\":true,\"valueName\":\"search_term_string\"}}],\"inLanguage\":\"fi\"},{\"@type\":[\"Person\",\"Organization\"],\"@id\":\"https:\/\/www2.kaismo.fi\/kaismo\/#\/schema\/person\/dd94c7997f2e4c4d157ebdfd5a727f74\",\"name\":\"ronjalindeman\",\"image\":{\"@type\":\"ImageObject\",\"inLanguage\":\"fi\",\"@id\":\"https:\/\/www2.kaismo.fi\/kaismo\/#\/schema\/person\/image\/\",\"url\":\"https:\/\/www2.kaismo.fi\/wp-content\/uploads\/2025\/02\/cropped-omi-8.png\",\"contentUrl\":\"https:\/\/www2.kaismo.fi\/wp-content\/uploads\/2025\/02\/cropped-omi-8.png\",\"width\":512,\"height\":512,\"caption\":\"ronjalindeman\"},\"logo\":{\"@id\":\"https:\/\/www2.kaismo.fi\/kaismo\/#\/schema\/person\/image\/\"},\"sameAs\":[\"https:\/\/www2.kaismo.fi\"]}]}<\/script>\n<!-- \/ Yoast SEO plugin. -->","yoast_head_json":{"title":"Tomin esittely -","robots":{"index":"index","follow":"follow","max-snippet":"max-snippet:-1","max-image-preview":"max-image-preview:large","max-video-preview":"max-video-preview:-1"},"canonical":"https:\/\/www2.kaismo.fi\/kaismo\/kuka-olen\/","og_locale":"fi_FI","og_type":"article","og_title":"Tomin esittely -","og_description":"TOMI KAISMO Ty\u00f6: Yritt\u00e4j\u00e4, OTC-sijoitus Oy AC Oulun hallituksen puheenjohtaja AC Oulu Basket hallituksen puheenjohtaja AC Oulu Volley hallituksen puheenjohtaja [&hellip;]","og_url":"https:\/\/www2.kaismo.fi\/kaismo\/kuka-olen\/","article_modified_time":"2025-04-08T19:34:40+00:00","og_image":[{"width":2560,"height":1707,"url":"https:\/\/www2.kaismo.fi\/wp-content\/uploads\/2025\/02\/Frida-30-scaled.jpg","type":"image\/jpeg"}],"twitter_card":"summary_large_image","twitter_misc":{"Arvioitu lukuaika":"1 minuutti"},"schema":{"@context":"https:\/\/schema.org","@graph":[{"@type":"WebPage","@id":"https:\/\/www2.kaismo.fi\/kaismo\/kuka-olen\/","url":"https:\/\/www2.kaismo.fi\/kaismo\/kuka-olen\/","name":"Tomin esittely -","isPartOf":{"@id":"https:\/\/www2.kaismo.fi\/kaismo\/#website"},"primaryImageOfPage":{"@id":"https:\/\/www2.kaismo.fi\/kaismo\/kuka-olen\/#primaryimage"},"image":{"@id":"https:\/\/www2.kaismo.fi\/kaismo\/kuka-olen\/#primaryimage"},"thumbnailUrl":"https:\/\/www2.kaismo.fi\/wp-content\/uploads\/2025\/02\/Frida-30-1024x683.jpg","datePublished":"2025-02-02T16:47:07+00:00","dateModified":"2025-04-08T19:34:40+00:00","breadcrumb":{"@id":"https:\/\/www2.kaismo.fi\/kaismo\/kuka-olen\/#breadcrumb"},"inLanguage":"fi","potentialAction":[{"@type":"ReadAction","target":["https:\/\/www2.kaismo.fi\/kaismo\/kuka-olen\/"]}]},{"@type":"ImageObject","inLanguage":"fi","@id":"https:\/\/www2.kaismo.fi\/kaismo\/kuka-olen\/#primaryimage","url":"https:\/\/www2.kaismo.fi\/wp-content\/uploads\/2025\/02\/Frida-30-1024x683.jpg","contentUrl":"https:\/\/www2.kaismo.fi\/wp-content\/uploads\/2025\/02\/Frida-30-1024x683.jpg"},{"@type":"BreadcrumbList","@id":"https:\/\/www2.kaismo.fi\/kaismo\/kuka-olen\/#breadcrumb","itemListElement":[{"@type":"ListItem","position":1,"name":"Etusivu","item":"https:\/\/www2.kaismo.fi\/kaismo\/"},{"@type":"ListItem","position":2,"name":"Tomin esittely"}]},{"@type":"WebSite","@id":"https:\/\/www2.kaismo.fi\/kaismo\/#website","url":"https:\/\/www2.kaismo.fi\/kaismo\/","name":"Kaismo","description":"","publisher":{"@id":"https:\/\/www2.kaismo.fi\/kaismo\/#\/schema\/person\/dd94c7997f2e4c4d157ebdfd5a727f74"},"potentialAction":[{"@type":"SearchAction","target":{"@type":"EntryPoint","urlTemplate":"https:\/\/www2.kaismo.fi\/kaismo\/?s={search_term_string}"},"query-input":{"@type":"PropertyValueSpecification","valueRequired":true,"valueName":"search_term_string"}}],"inLanguage":"fi"},{"@type":["Person","Organization"],"@id":"https:\/\/www2.kaismo.fi\/kaismo\/#\/schema\/person\/dd94c7997f2e4c4d157ebdfd5a727f74","name":"ronjalindeman","image":{"@type":"ImageObject","inLanguage":"fi","@id":"https:\/\/www2.kaismo.fi\/kaismo\/#\/schema\/person\/image\/","url":"https:\/\/www2.kaismo.fi\/wp-content\/uploads\/2025\/02\/cropped-omi-8.png","contentUrl":"https:\/\/www2.kaismo.fi\/wp-content\/uploads\/2025\/02\/cropped-omi-8.png","width":512,"height":512,"caption":"ronjalindeman"},"logo":{"@id":"https:\/\/www2.kaismo.fi\/kaismo\/#\/schema\/person\/image\/"},"sameAs":["https:\/\/www2.kaismo.fi"]}]}},"_links":{"self":[{"href":"https:\/\/www2.kaismo.fi\/kaismo\/wp-json\/wp\/v2\/pages\/183","targetHints":{"allow":["GET"]}}],"collection":[{"href":"https:\/\/www2.kaismo.fi\/kaismo\/wp-json\/wp\/v2\/pages"}],"about":[{"href":"https:\/\/www2.kaismo.fi\/kaismo\/wp-json\/wp\/v2\/types\/page"}],"author":[{"embeddable":true,"href":"https:\/\/www2.kaismo.fi\/kaismo\/wp-json\/wp\/v2\/users\/1"}],"replies":[{"embeddable":true,"href":"https:\/\/www2.kaismo.fi\/kaismo\/wp-json\/wp\/v2\/comments?post=183"}],"version-history":[{"count":51,"href":"https:\/\/www2.kaismo.fi\/kaismo\/wp-json\/wp\/v2\/pages\/183\/revisions"}],"predecessor-version":[{"id":424,"href":"https:\/\/www2.kaismo.fi\/kaismo\/wp-json\/wp\/v2\/pages\/183\/revisions\/424"}],"wp:attachment":[{"href":"https:\/\/www2.kaismo.fi\/kaismo\/wp-json\/wp\/v2\/media?parent=183"}],"curies":[{"name":"wp","href":"https:\/\/api.w.org\/{rel}","templated":true}]}}